{"id":3244,"date":"2018-12-05T11:48:14","date_gmt":"2018-12-05T11:48:14","guid":{"rendered":"https:\/\/photobooth-kaufen.eu\/?post_type=product&#038;p=3244"},"modified":"2025-03-10T09:11:29","modified_gmt":"2025-03-10T09:11:29","slug":"led-ring","status":"publish","type":"product","link":"https:\/\/photobooth-kaufen.eu\/en\/product\/led-ring\/","title":{"rendered":"LED-Ring f\u00fcr Photobooth DSLR-Booth, Breeze, Social Booth, Darkroom Booth"},"content":{"rendered":"","protected":false},"excerpt":{"rendered":"<p>LED-Ring um die Nutzer w\u00e4hrend des Countdowns auf das Objektiv zu lenken. Wer kennt es nicht, die Nutzer schauen auf den Fotos auf den Monitor statt in die Kamera. Mit dem LED-Ring werden die Blicke der G\u00e4ste nun w\u00e4hrend des Countdowns auf die Kamera gelenkt.<\/p>\n<p>Features:<\/p>\n<ul>\n<li>32 RGB-LEDs<\/li>\n<li>Durchmesser des LED-Rings innen 90mm ind au\u00dfen 104mm<\/li>\n<li>Durchmesser der Edelstahl-Abdeckung innen 80mm und au\u00dfen 130mm<\/li>\n<li>inkl. USB-Controller und Download-Software<\/li>\n<li>kompatibel mit:\n<ul>\n<li>DSLR-Booth<\/li>\n<li>Breeze<\/li>\n<li>Social Booth<\/li>\n<li>Darkroom-Booth<\/li>\n<li>Spark-Booth<\/li>\n<li>Right-Booth 6<\/li>\n<\/ul>\n<\/li>\n<li>54 vorinstallierte\u00a0Funktionen<\/li>\n<li>Farbwahl f\u00fcr jede\u00a0Funktion \u00fcber GUI-Palette<\/li>\n<li>LED-Helligkeit und Geschwindigkeit einstellbar<\/li>\n<\/ul>\n<p>Lieferumfang:<\/p>\n<ul>\n<li>LED-Ring<\/li>\n<li>USB-Controller<\/li>\n<li>USB-Kabel<\/li>\n<li>Edelstahl-Abdeckung geb\u00fcrstet (optional)<\/li>\n<\/ul>\n<p>&nbsp;<\/p>\n<p>&nbsp;<\/p>\n<p>&nbsp;<\/p>\n","protected":false},"featured_media":3257,"comment_status":"open","ping_status":"closed","template":"","meta":[],"product_brand":[],"product_cat":[121],"product_tag":[328,329,330,331],"class_list":{"0":"post-3244","1":"product","2":"type-product","3":"status-publish","4":"has-post-thumbnail","6":"product_cat-photobooth-equipment","7":"product_tag-fotobox-led-ring-en","8":"product_tag-mirror-booth-led-ring-en","9":"product_tag-photo-booth-led-ring-en","10":"product_tag-photobooth-led-ring-en","11":"product_shipping_class-equipment","12":"tm-has-options","14":"first","15":"instock","16":"downloadable","17":"taxable","18":"shipping-taxable","19":"purchasable","20":"product-type-simple"},"yoast_head":"<!-- This site is optimized with the Yoast SEO plugin v26.8 - https:\/\/yoast.com\/product\/yoast-seo-wordpress\/ -->\n<title>LED-Ring f\u00fcr Photobooth DSLR-Booth, Breeze, Social Booth, Darkroom Booth - photobooth-kaufen.eu<\/title>\n<meta name=\"robots\" content=\"index, follow, max-snippet:-1, max-image-preview:large, max-video-preview:-1\" \/>\n<link rel=\"canonical\" href=\"https:\/\/photobooth-kaufen.eu\/en\/product\/led-ring\/\" \/>\n<meta property=\"og:locale\" content=\"en_US\" \/>\n<meta property=\"og:type\" content=\"article\" \/>\n<meta property=\"og:title\" content=\"LED-Ring f\u00fcr Photobooth DSLR-Booth, Breeze, Social Booth, Darkroom Booth - photobooth-kaufen.eu\" \/>\n<meta property=\"og:description\" content=\"LED-Ring um die Nutzer w\u00e4hrend des Countdowns auf das Objektiv zu lenken. Wer kennt es nicht, die Nutzer schauen auf den Fotos auf den Monitor statt in die Kamera. Mit dem LED-Ring werden die Blicke der G\u00e4ste nun w\u00e4hrend des Countdowns auf die Kamera gelenkt.  Features:   32 RGB-LEDs  Durchmesser des LED-Rings innen 90mm ind au\u00dfen 104mm  Durchmesser der Edelstahl-Abdeckung innen 80mm und au\u00dfen 130mm  inkl. USB-Controller und Download-Software  kompatibel mit:   DSLR-Booth  Breeze  Social Booth  Darkroom-Booth  Spark-Booth  Right-Booth 6    54 vorinstallierte\u00a0Funktionen  Farbwahl f\u00fcr jede\u00a0Funktion \u00fcber GUI-Palette  LED-Helligkeit und Geschwindigkeit einstellbar  Lieferumfang:   LED-Ring  USB-Controller  USB-Kabel  Edelstahl-Abdeckung geb\u00fcrstet (optional)  &nbsp;  &nbsp;  &nbsp;\" \/>\n<meta property=\"og:url\" content=\"https:\/\/photobooth-kaufen.eu\/en\/product\/led-ring\/\" \/>\n<meta property=\"og:site_name\" content=\"photobooth-kaufen.eu\" \/>\n<meta property=\"article:modified_time\" content=\"2025-03-10T09:11:29+00:00\" \/>\n<meta property=\"og:image\" content=\"https:\/\/photobooth-kaufen.eu\/wp-content\/uploads\/2018\/12\/photobooth-LED-ring.jpg\" \/>\n\t<meta property=\"og:image:width\" content=\"1200\" \/>\n\t<meta property=\"og:image:height\" content=\"1800\" \/>\n\t<meta property=\"og:image:type\" content=\"image\/jpeg\" \/>\n<script type=\"application\/ld+json\" class=\"yoast-schema-graph\">{\"@context\":\"https:\/\/schema.org\",\"@graph\":[{\"@type\":\"WebPage\",\"@id\":\"https:\/\/photobooth-kaufen.eu\/en\/product\/led-ring\/\",\"url\":\"https:\/\/photobooth-kaufen.eu\/en\/product\/led-ring\/\",\"name\":\"LED-Ring f\u00fcr Photobooth DSLR-Booth, Breeze, Social Booth, Darkroom Booth - photobooth-kaufen.eu\",\"isPartOf\":{\"@id\":\"https:\/\/photobooth-kaufen.eu\/en\/#website\"},\"primaryImageOfPage\":{\"@id\":\"https:\/\/photobooth-kaufen.eu\/en\/product\/led-ring\/#primaryimage\"},\"image\":{\"@id\":\"https:\/\/photobooth-kaufen.eu\/en\/product\/led-ring\/#primaryimage\"},\"thumbnailUrl\":\"https:\/\/photobooth-kaufen.eu\/wp-content\/uploads\/2018\/12\/photobooth-LED-ring.jpg\",\"datePublished\":\"2018-12-05T11:48:14+00:00\",\"dateModified\":\"2025-03-10T09:11:29+00:00\",\"breadcrumb\":{\"@id\":\"https:\/\/photobooth-kaufen.eu\/en\/product\/led-ring\/#breadcrumb\"},\"inLanguage\":\"en-US\",\"potentialAction\":[{\"@type\":\"ReadAction\",\"target\":[\"https:\/\/photobooth-kaufen.eu\/en\/product\/led-ring\/\"]}]},{\"@type\":\"ImageObject\",\"inLanguage\":\"en-US\",\"@id\":\"https:\/\/photobooth-kaufen.eu\/en\/product\/led-ring\/#primaryimage\",\"url\":\"https:\/\/photobooth-kaufen.eu\/wp-content\/uploads\/2018\/12\/photobooth-LED-ring.jpg\",\"contentUrl\":\"https:\/\/photobooth-kaufen.eu\/wp-content\/uploads\/2018\/12\/photobooth-LED-ring.jpg\",\"width\":1200,\"height\":1800},{\"@type\":\"BreadcrumbList\",\"@id\":\"https:\/\/photobooth-kaufen.eu\/en\/product\/led-ring\/#breadcrumb\",\"itemListElement\":[{\"@type\":\"ListItem\",\"position\":1,\"name\":\"Startseite\",\"item\":\"https:\/\/photobooth-kaufen.eu\/en\/\"},{\"@type\":\"ListItem\",\"position\":2,\"name\":\"Shop\",\"item\":\"https:\/\/photobooth-kaufen.eu\/shop\/\"},{\"@type\":\"ListItem\",\"position\":3,\"name\":\"LED-Ring f\u00fcr Photobooth DSLR-Booth, Breeze, Social Booth, Darkroom Booth\"}]},{\"@type\":\"WebSite\",\"@id\":\"https:\/\/photobooth-kaufen.eu\/en\/#website\",\"url\":\"https:\/\/photobooth-kaufen.eu\/en\/\",\"name\":\"photobooth-kaufen.eu\",\"description\":\"PHOTOBOOTH KAUFEN bei fexon\",\"publisher\":{\"@id\":\"https:\/\/photobooth-kaufen.eu\/en\/#organization\"},\"potentialAction\":[{\"@type\":\"SearchAction\",\"target\":{\"@type\":\"EntryPoint\",\"urlTemplate\":\"https:\/\/photobooth-kaufen.eu\/en\/?s={search_term_string}\"},\"query-input\":{\"@type\":\"PropertyValueSpecification\",\"valueRequired\":true,\"valueName\":\"search_term_string\"}}],\"inLanguage\":\"en-US\"},{\"@type\":\"Organization\",\"@id\":\"https:\/\/photobooth-kaufen.eu\/en\/#organization\",\"name\":\"FEXON - Photobooth Systeme\",\"alternateName\":\"FEXON\",\"url\":\"https:\/\/photobooth-kaufen.eu\/en\/\",\"logo\":{\"@type\":\"ImageObject\",\"inLanguage\":\"en-US\",\"@id\":\"https:\/\/photobooth-kaufen.eu\/en\/#\/schema\/logo\/image\/\",\"url\":\"https:\/\/photobooth-kaufen.eu\/wp-content\/uploads\/2019\/12\/fexon-logo_qua.png\",\"contentUrl\":\"https:\/\/photobooth-kaufen.eu\/wp-content\/uploads\/2019\/12\/fexon-logo_qua.png\",\"width\":801,\"height\":801,\"caption\":\"FEXON - Photobooth Systeme\"},\"image\":{\"@id\":\"https:\/\/photobooth-kaufen.eu\/en\/#\/schema\/logo\/image\/\"}}]}<\/script>\n<!-- \/ Yoast SEO plugin. -->","yoast_head_json":{"title":"LED-Ring f\u00fcr Photobooth DSLR-Booth, Breeze, Social Booth, Darkroom Booth - photobooth-kaufen.eu","robots":{"index":"index","follow":"follow","max-snippet":"max-snippet:-1","max-image-preview":"max-image-preview:large","max-video-preview":"max-video-preview:-1"},"canonical":"https:\/\/photobooth-kaufen.eu\/en\/product\/led-ring\/","og_locale":"en_US","og_type":"article","og_title":"LED-Ring f\u00fcr Photobooth DSLR-Booth, Breeze, Social Booth, Darkroom Booth - photobooth-kaufen.eu","og_description":"LED-Ring um die Nutzer w\u00e4hrend des Countdowns auf das Objektiv zu lenken. Wer kennt es nicht, die Nutzer schauen auf den Fotos auf den Monitor statt in die Kamera. Mit dem LED-Ring werden die Blicke der G\u00e4ste nun w\u00e4hrend des Countdowns auf die Kamera gelenkt.  Features:   32 RGB-LEDs  Durchmesser des LED-Rings innen 90mm ind au\u00dfen 104mm  Durchmesser der Edelstahl-Abdeckung innen 80mm und au\u00dfen 130mm  inkl. USB-Controller und Download-Software  kompatibel mit:   DSLR-Booth  Breeze  Social Booth  Darkroom-Booth  Spark-Booth  Right-Booth 6    54 vorinstallierte\u00a0Funktionen  Farbwahl f\u00fcr jede\u00a0Funktion \u00fcber GUI-Palette  LED-Helligkeit und Geschwindigkeit einstellbar  Lieferumfang:   LED-Ring  USB-Controller  USB-Kabel  Edelstahl-Abdeckung geb\u00fcrstet (optional)  &nbsp;  &nbsp;  &nbsp;","og_url":"https:\/\/photobooth-kaufen.eu\/en\/product\/led-ring\/","og_site_name":"photobooth-kaufen.eu","article_modified_time":"2025-03-10T09:11:29+00:00","og_image":[{"width":1200,"height":1800,"url":"https:\/\/photobooth-kaufen.eu\/wp-content\/uploads\/2018\/12\/photobooth-LED-ring.jpg","type":"image\/jpeg"}],"schema":{"@context":"https:\/\/schema.org","@graph":[{"@type":"WebPage","@id":"https:\/\/photobooth-kaufen.eu\/en\/product\/led-ring\/","url":"https:\/\/photobooth-kaufen.eu\/en\/product\/led-ring\/","name":"LED-Ring f\u00fcr Photobooth DSLR-Booth, Breeze, Social Booth, Darkroom Booth - photobooth-kaufen.eu","isPartOf":{"@id":"https:\/\/photobooth-kaufen.eu\/en\/#website"},"primaryImageOfPage":{"@id":"https:\/\/photobooth-kaufen.eu\/en\/product\/led-ring\/#primaryimage"},"image":{"@id":"https:\/\/photobooth-kaufen.eu\/en\/product\/led-ring\/#primaryimage"},"thumbnailUrl":"https:\/\/photobooth-kaufen.eu\/wp-content\/uploads\/2018\/12\/photobooth-LED-ring.jpg","datePublished":"2018-12-05T11:48:14+00:00","dateModified":"2025-03-10T09:11:29+00:00","breadcrumb":{"@id":"https:\/\/photobooth-kaufen.eu\/en\/product\/led-ring\/#breadcrumb"},"inLanguage":"en-US","potentialAction":[{"@type":"ReadAction","target":["https:\/\/photobooth-kaufen.eu\/en\/product\/led-ring\/"]}]},{"@type":"ImageObject","inLanguage":"en-US","@id":"https:\/\/photobooth-kaufen.eu\/en\/product\/led-ring\/#primaryimage","url":"https:\/\/photobooth-kaufen.eu\/wp-content\/uploads\/2018\/12\/photobooth-LED-ring.jpg","contentUrl":"https:\/\/photobooth-kaufen.eu\/wp-content\/uploads\/2018\/12\/photobooth-LED-ring.jpg","width":1200,"height":1800},{"@type":"BreadcrumbList","@id":"https:\/\/photobooth-kaufen.eu\/en\/product\/led-ring\/#breadcrumb","itemListElement":[{"@type":"ListItem","position":1,"name":"Startseite","item":"https:\/\/photobooth-kaufen.eu\/en\/"},{"@type":"ListItem","position":2,"name":"Shop","item":"https:\/\/photobooth-kaufen.eu\/shop\/"},{"@type":"ListItem","position":3,"name":"LED-Ring f\u00fcr Photobooth DSLR-Booth, Breeze, Social Booth, Darkroom Booth"}]},{"@type":"WebSite","@id":"https:\/\/photobooth-kaufen.eu\/en\/#website","url":"https:\/\/photobooth-kaufen.eu\/en\/","name":"photobooth-kaufen.eu","description":"PHOTOBOOTH KAUFEN bei fexon","publisher":{"@id":"https:\/\/photobooth-kaufen.eu\/en\/#organization"},"potentialAction":[{"@type":"SearchAction","target":{"@type":"EntryPoint","urlTemplate":"https:\/\/photobooth-kaufen.eu\/en\/?s={search_term_string}"},"query-input":{"@type":"PropertyValueSpecification","valueRequired":true,"valueName":"search_term_string"}}],"inLanguage":"en-US"},{"@type":"Organization","@id":"https:\/\/photobooth-kaufen.eu\/en\/#organization","name":"FEXON - Photobooth Systeme","alternateName":"FEXON","url":"https:\/\/photobooth-kaufen.eu\/en\/","logo":{"@type":"ImageObject","inLanguage":"en-US","@id":"https:\/\/photobooth-kaufen.eu\/en\/#\/schema\/logo\/image\/","url":"https:\/\/photobooth-kaufen.eu\/wp-content\/uploads\/2019\/12\/fexon-logo_qua.png","contentUrl":"https:\/\/photobooth-kaufen.eu\/wp-content\/uploads\/2019\/12\/fexon-logo_qua.png","width":801,"height":801,"caption":"FEXON - Photobooth Systeme"},"image":{"@id":"https:\/\/photobooth-kaufen.eu\/en\/#\/schema\/logo\/image\/"}}]}},"_links":{"self":[{"href":"https:\/\/photobooth-kaufen.eu\/en\/wp-json\/wp\/v2\/product\/3244","targetHints":{"allow":["GET"]}}],"collection":[{"href":"https:\/\/photobooth-kaufen.eu\/en\/wp-json\/wp\/v2\/product"}],"about":[{"href":"https:\/\/photobooth-kaufen.eu\/en\/wp-json\/wp\/v2\/types\/product"}],"replies":[{"embeddable":true,"href":"https:\/\/photobooth-kaufen.eu\/en\/wp-json\/wp\/v2\/comments?post=3244"}],"wp:featuredmedia":[{"embeddable":true,"href":"https:\/\/photobooth-kaufen.eu\/en\/wp-json\/wp\/v2\/media\/3257"}],"wp:attachment":[{"href":"https:\/\/photobooth-kaufen.eu\/en\/wp-json\/wp\/v2\/media?parent=3244"}],"wp:term":[{"taxonomy":"product_brand","embeddable":true,"href":"https:\/\/photobooth-kaufen.eu\/en\/wp-json\/wp\/v2\/product_brand?post=3244"},{"taxonomy":"product_cat","embeddable":true,"href":"https:\/\/photobooth-kaufen.eu\/en\/wp-json\/wp\/v2\/product_cat?post=3244"},{"taxonomy":"product_tag","embeddable":true,"href":"https:\/\/photobooth-kaufen.eu\/en\/wp-json\/wp\/v2\/product_tag?post=3244"}],"curies":[{"name":"wp","href":"https:\/\/api.w.org\/{rel}","templated":true}]}}