{"id":3304,"date":"2019-01-17T11:52:00","date_gmt":"2019-01-17T11:52:00","guid":{"rendered":"https:\/\/photobooth-kaufen.eu\/?post_type=product&#038;p=3304"},"modified":"2024-11-11T01:53:43","modified_gmt":"2024-11-11T01:53:43","slug":"transport-case-fuer-photobooth-profy","status":"publish","type":"product","link":"https:\/\/photobooth-kaufen.eu\/en\/product\/transport-case-fuer-photobooth-profy\/","title":{"rendered":"Transport-Cases f\u00fcr Photobooth Profy A+B 2-Teilig"},"content":{"rendered":"","protected":false},"excerpt":{"rendered":"<div>\n<p>Transportcase Set zur Photobooth-Profy bestehend aus 2 Cases.<\/p>\n<p>Profi Truhencase Fotobox Profy \/ <strong>A<\/strong><\/p>\n<ul>\n<li>in Farbe schwarz<\/li>\n<li>Unterteilt in Oberteil-1\/3 und Unterteil 2\/3<\/li>\n<li>Fach f\u00fcr Kabel und Zubeh\u00f6r je nach \u00fcbrigem Platz<\/li>\n<li>9mm Birke farbig beschichtet,<\/li>\n<li>30\/30 Alukante,<\/li>\n<\/ul>\n<ul>\n<li>4x Butterfly mittel,<\/li>\n<li>10x Klappgriff mittel,<\/li>\n<li>8x Kugelecke gro\u00df,<\/li>\n<li>4x Lenkrolle (2xgebremst),<\/li>\n<li>Innenausbau,<\/li>\n<li>Schaumstoffpolsterung,<\/li>\n<li>hergestellt in Deutschland \/ AI<\/li>\n<li>Ma\u00dfe 1125 x 560 x 710mm<\/li>\n<\/ul>\n<p>Haubencase\u00a0 Fotbox Profy \/ <strong>B<\/strong><\/p>\n<ul>\n<li>in Farbe schwarz<\/li>\n<li>Haube,<\/li>\n<li>7mm Birke farbig beschichtet<\/li>\n<li>30\/30 Alukante,<\/li>\n<li>4x Butterfly mittel,<\/li>\n<li>4x Klappgriff mittel,<\/li>\n<li>8x Kugelecke medium,<\/li>\n<li>4x Lenkrolle (2xgebremst),<\/li>\n<li>Innenausbau,<\/li>\n<li>Schaumstoffpolsterung,<\/li>\n<li>hergestellt in Deutschland \/ AI<\/li>\n<\/ul>\n<\/div>\n<ul>\n<li>\n<div>\n<div>Ma\u00dfe 720 x 470 x 580mm<\/div>\n<\/div>\n<\/li>\n<\/ul>\n","protected":false},"featured_media":3303,"comment_status":"open","ping_status":"closed","template":"","meta":[],"product_brand":[],"product_cat":[256],"product_tag":[334,335,336,337],"class_list":{"0":"post-3304","1":"product","2":"type-product","3":"status-publish","4":"has-post-thumbnail","6":"product_cat-cases","7":"product_tag-fotobox-transportcase-en","8":"product_tag-photobooth-case-en","9":"product_tag-transportcase-kiosk-en","10":"product_tag-winkelcase-photobooth-en","11":"product_shipping_class-photobooth-systeme-en","12":"tm-has-options","14":"first","15":"instock","16":"sold-individually","17":"taxable","18":"shipping-taxable","19":"purchasable","20":"product-type-simple"},"yoast_head":"<!-- This site is optimized with the Yoast SEO plugin v26.8 - https:\/\/yoast.com\/product\/yoast-seo-wordpress\/ -->\n<title>Transport-Cases f\u00fcr Photobooth Profy A+B 2-Teilig - photobooth-kaufen.eu<\/title>\n<meta name=\"robots\" content=\"index, follow, max-snippet:-1, max-image-preview:large, max-video-preview:-1\" \/>\n<link rel=\"canonical\" href=\"https:\/\/photobooth-kaufen.eu\/en\/product\/transport-case-fuer-photobooth-profy\/\" \/>\n<meta property=\"og:locale\" content=\"en_US\" \/>\n<meta property=\"og:type\" content=\"article\" \/>\n<meta property=\"og:title\" content=\"Transport-Cases f\u00fcr Photobooth Profy A+B 2-Teilig - photobooth-kaufen.eu\" \/>\n<meta property=\"og:description\" content=\"Transportcase Set zur Photobooth-Profy bestehend aus 2 Cases.  Profi Truhencase Fotobox Profy \/ A   in Farbe schwarz  Unterteilt in Oberteil-1\/3 und Unterteil 2\/3  Fach f\u00fcr Kabel und Zubeh\u00f6r je nach \u00fcbrigem Platz  9mm Birke farbig beschichtet,  30\/30 Alukante,    4x Butterfly mittel,  10x Klappgriff mittel,  8x Kugelecke gro\u00df,  4x Lenkrolle (2xgebremst),  Innenausbau,  Schaumstoffpolsterung,  hergestellt in Deutschland \/ AI  Ma\u00dfe 1125 x 560 x 710mm  Haubencase\u00a0 Fotbox Profy \/ B   in Farbe schwarz  Haube,  7mm Birke farbig beschichtet  30\/30 Alukante,  4x Butterfly mittel,  4x Klappgriff mittel,  8x Kugelecke medium,  4x Lenkrolle (2xgebremst),  Innenausbau,  Schaumstoffpolsterung,  hergestellt in Deutschland \/ AI       Ma\u00dfe 720 x 470 x 580mm\" \/>\n<meta property=\"og:url\" content=\"https:\/\/photobooth-kaufen.eu\/en\/product\/transport-case-fuer-photobooth-profy\/\" \/>\n<meta property=\"og:site_name\" content=\"photobooth-kaufen.eu\" \/>\n<meta property=\"article:modified_time\" content=\"2024-11-11T01:53:43+00:00\" \/>\n<meta property=\"og:image\" content=\"https:\/\/photobooth-kaufen.eu\/wp-content\/uploads\/2019\/01\/unnamed-1.jpg\" \/>\n\t<meta property=\"og:image:width\" content=\"731\" \/>\n\t<meta property=\"og:image:height\" content=\"578\" \/>\n\t<meta property=\"og:image:type\" content=\"image\/jpeg\" \/>\n<script type=\"application\/ld+json\" class=\"yoast-schema-graph\">{\"@context\":\"https:\/\/schema.org\",\"@graph\":[{\"@type\":\"WebPage\",\"@id\":\"https:\/\/photobooth-kaufen.eu\/en\/product\/transport-case-fuer-photobooth-profy\/\",\"url\":\"https:\/\/photobooth-kaufen.eu\/en\/product\/transport-case-fuer-photobooth-profy\/\",\"name\":\"Transport-Cases f\u00fcr Photobooth Profy A+B 2-Teilig - photobooth-kaufen.eu\",\"isPartOf\":{\"@id\":\"https:\/\/photobooth-kaufen.eu\/en\/#website\"},\"primaryImageOfPage\":{\"@id\":\"https:\/\/photobooth-kaufen.eu\/en\/product\/transport-case-fuer-photobooth-profy\/#primaryimage\"},\"image\":{\"@id\":\"https:\/\/photobooth-kaufen.eu\/en\/product\/transport-case-fuer-photobooth-profy\/#primaryimage\"},\"thumbnailUrl\":\"https:\/\/photobooth-kaufen.eu\/wp-content\/uploads\/2019\/01\/unnamed-1.jpg\",\"datePublished\":\"2019-01-17T11:52:00+00:00\",\"dateModified\":\"2024-11-11T01:53:43+00:00\",\"breadcrumb\":{\"@id\":\"https:\/\/photobooth-kaufen.eu\/en\/product\/transport-case-fuer-photobooth-profy\/#breadcrumb\"},\"inLanguage\":\"en-US\",\"potentialAction\":[{\"@type\":\"ReadAction\",\"target\":[\"https:\/\/photobooth-kaufen.eu\/en\/product\/transport-case-fuer-photobooth-profy\/\"]}]},{\"@type\":\"ImageObject\",\"inLanguage\":\"en-US\",\"@id\":\"https:\/\/photobooth-kaufen.eu\/en\/product\/transport-case-fuer-photobooth-profy\/#primaryimage\",\"url\":\"https:\/\/photobooth-kaufen.eu\/wp-content\/uploads\/2019\/01\/unnamed-1.jpg\",\"contentUrl\":\"https:\/\/photobooth-kaufen.eu\/wp-content\/uploads\/2019\/01\/unnamed-1.jpg\",\"width\":731,\"height\":578},{\"@type\":\"BreadcrumbList\",\"@id\":\"https:\/\/photobooth-kaufen.eu\/en\/product\/transport-case-fuer-photobooth-profy\/#breadcrumb\",\"itemListElement\":[{\"@type\":\"ListItem\",\"position\":1,\"name\":\"Startseite\",\"item\":\"https:\/\/photobooth-kaufen.eu\/en\/\"},{\"@type\":\"ListItem\",\"position\":2,\"name\":\"Shop\",\"item\":\"https:\/\/photobooth-kaufen.eu\/shop\/\"},{\"@type\":\"ListItem\",\"position\":3,\"name\":\"Transport-Cases f\u00fcr Photobooth Profy A+B 2-Teilig\"}]},{\"@type\":\"WebSite\",\"@id\":\"https:\/\/photobooth-kaufen.eu\/en\/#website\",\"url\":\"https:\/\/photobooth-kaufen.eu\/en\/\",\"name\":\"photobooth-kaufen.eu\",\"description\":\"PHOTOBOOTH KAUFEN bei fexon\",\"publisher\":{\"@id\":\"https:\/\/photobooth-kaufen.eu\/en\/#organization\"},\"potentialAction\":[{\"@type\":\"SearchAction\",\"target\":{\"@type\":\"EntryPoint\",\"urlTemplate\":\"https:\/\/photobooth-kaufen.eu\/en\/?s={search_term_string}\"},\"query-input\":{\"@type\":\"PropertyValueSpecification\",\"valueRequired\":true,\"valueName\":\"search_term_string\"}}],\"inLanguage\":\"en-US\"},{\"@type\":\"Organization\",\"@id\":\"https:\/\/photobooth-kaufen.eu\/en\/#organization\",\"name\":\"FEXON - Photobooth Systeme\",\"alternateName\":\"FEXON\",\"url\":\"https:\/\/photobooth-kaufen.eu\/en\/\",\"logo\":{\"@type\":\"ImageObject\",\"inLanguage\":\"en-US\",\"@id\":\"https:\/\/photobooth-kaufen.eu\/en\/#\/schema\/logo\/image\/\",\"url\":\"https:\/\/photobooth-kaufen.eu\/wp-content\/uploads\/2019\/12\/fexon-logo_qua.png\",\"contentUrl\":\"https:\/\/photobooth-kaufen.eu\/wp-content\/uploads\/2019\/12\/fexon-logo_qua.png\",\"width\":801,\"height\":801,\"caption\":\"FEXON - Photobooth Systeme\"},\"image\":{\"@id\":\"https:\/\/photobooth-kaufen.eu\/en\/#\/schema\/logo\/image\/\"}}]}<\/script>\n<!-- \/ Yoast SEO plugin. -->","yoast_head_json":{"title":"Transport-Cases f\u00fcr Photobooth Profy A+B 2-Teilig - photobooth-kaufen.eu","robots":{"index":"index","follow":"follow","max-snippet":"max-snippet:-1","max-image-preview":"max-image-preview:large","max-video-preview":"max-video-preview:-1"},"canonical":"https:\/\/photobooth-kaufen.eu\/en\/product\/transport-case-fuer-photobooth-profy\/","og_locale":"en_US","og_type":"article","og_title":"Transport-Cases f\u00fcr Photobooth Profy A+B 2-Teilig - photobooth-kaufen.eu","og_description":"Transportcase Set zur Photobooth-Profy bestehend aus 2 Cases.  Profi Truhencase Fotobox Profy \/ A   in Farbe schwarz  Unterteilt in Oberteil-1\/3 und Unterteil 2\/3  Fach f\u00fcr Kabel und Zubeh\u00f6r je nach \u00fcbrigem Platz  9mm Birke farbig beschichtet,  30\/30 Alukante,    4x Butterfly mittel,  10x Klappgriff mittel,  8x Kugelecke gro\u00df,  4x Lenkrolle (2xgebremst),  Innenausbau,  Schaumstoffpolsterung,  hergestellt in Deutschland \/ AI  Ma\u00dfe 1125 x 560 x 710mm  Haubencase\u00a0 Fotbox Profy \/ B   in Farbe schwarz  Haube,  7mm Birke farbig beschichtet  30\/30 Alukante,  4x Butterfly mittel,  4x Klappgriff mittel,  8x Kugelecke medium,  4x Lenkrolle (2xgebremst),  Innenausbau,  Schaumstoffpolsterung,  hergestellt in Deutschland \/ AI       Ma\u00dfe 720 x 470 x 580mm","og_url":"https:\/\/photobooth-kaufen.eu\/en\/product\/transport-case-fuer-photobooth-profy\/","og_site_name":"photobooth-kaufen.eu","article_modified_time":"2024-11-11T01:53:43+00:00","og_image":[{"width":731,"height":578,"url":"https:\/\/photobooth-kaufen.eu\/wp-content\/uploads\/2019\/01\/unnamed-1.jpg","type":"image\/jpeg"}],"schema":{"@context":"https:\/\/schema.org","@graph":[{"@type":"WebPage","@id":"https:\/\/photobooth-kaufen.eu\/en\/product\/transport-case-fuer-photobooth-profy\/","url":"https:\/\/photobooth-kaufen.eu\/en\/product\/transport-case-fuer-photobooth-profy\/","name":"Transport-Cases f\u00fcr Photobooth Profy A+B 2-Teilig - photobooth-kaufen.eu","isPartOf":{"@id":"https:\/\/photobooth-kaufen.eu\/en\/#website"},"primaryImageOfPage":{"@id":"https:\/\/photobooth-kaufen.eu\/en\/product\/transport-case-fuer-photobooth-profy\/#primaryimage"},"image":{"@id":"https:\/\/photobooth-kaufen.eu\/en\/product\/transport-case-fuer-photobooth-profy\/#primaryimage"},"thumbnailUrl":"https:\/\/photobooth-kaufen.eu\/wp-content\/uploads\/2019\/01\/unnamed-1.jpg","datePublished":"2019-01-17T11:52:00+00:00","dateModified":"2024-11-11T01:53:43+00:00","breadcrumb":{"@id":"https:\/\/photobooth-kaufen.eu\/en\/product\/transport-case-fuer-photobooth-profy\/#breadcrumb"},"inLanguage":"en-US","potentialAction":[{"@type":"ReadAction","target":["https:\/\/photobooth-kaufen.eu\/en\/product\/transport-case-fuer-photobooth-profy\/"]}]},{"@type":"ImageObject","inLanguage":"en-US","@id":"https:\/\/photobooth-kaufen.eu\/en\/product\/transport-case-fuer-photobooth-profy\/#primaryimage","url":"https:\/\/photobooth-kaufen.eu\/wp-content\/uploads\/2019\/01\/unnamed-1.jpg","contentUrl":"https:\/\/photobooth-kaufen.eu\/wp-content\/uploads\/2019\/01\/unnamed-1.jpg","width":731,"height":578},{"@type":"BreadcrumbList","@id":"https:\/\/photobooth-kaufen.eu\/en\/product\/transport-case-fuer-photobooth-profy\/#breadcrumb","itemListElement":[{"@type":"ListItem","position":1,"name":"Startseite","item":"https:\/\/photobooth-kaufen.eu\/en\/"},{"@type":"ListItem","position":2,"name":"Shop","item":"https:\/\/photobooth-kaufen.eu\/shop\/"},{"@type":"ListItem","position":3,"name":"Transport-Cases f\u00fcr Photobooth Profy A+B 2-Teilig"}]},{"@type":"WebSite","@id":"https:\/\/photobooth-kaufen.eu\/en\/#website","url":"https:\/\/photobooth-kaufen.eu\/en\/","name":"photobooth-kaufen.eu","description":"PHOTOBOOTH KAUFEN bei fexon","publisher":{"@id":"https:\/\/photobooth-kaufen.eu\/en\/#organization"},"potentialAction":[{"@type":"SearchAction","target":{"@type":"EntryPoint","urlTemplate":"https:\/\/photobooth-kaufen.eu\/en\/?s={search_term_string}"},"query-input":{"@type":"PropertyValueSpecification","valueRequired":true,"valueName":"search_term_string"}}],"inLanguage":"en-US"},{"@type":"Organization","@id":"https:\/\/photobooth-kaufen.eu\/en\/#organization","name":"FEXON - Photobooth Systeme","alternateName":"FEXON","url":"https:\/\/photobooth-kaufen.eu\/en\/","logo":{"@type":"ImageObject","inLanguage":"en-US","@id":"https:\/\/photobooth-kaufen.eu\/en\/#\/schema\/logo\/image\/","url":"https:\/\/photobooth-kaufen.eu\/wp-content\/uploads\/2019\/12\/fexon-logo_qua.png","contentUrl":"https:\/\/photobooth-kaufen.eu\/wp-content\/uploads\/2019\/12\/fexon-logo_qua.png","width":801,"height":801,"caption":"FEXON - Photobooth Systeme"},"image":{"@id":"https:\/\/photobooth-kaufen.eu\/en\/#\/schema\/logo\/image\/"}}]}},"_links":{"self":[{"href":"https:\/\/photobooth-kaufen.eu\/en\/wp-json\/wp\/v2\/product\/3304","targetHints":{"allow":["GET"]}}],"collection":[{"href":"https:\/\/photobooth-kaufen.eu\/en\/wp-json\/wp\/v2\/product"}],"about":[{"href":"https:\/\/photobooth-kaufen.eu\/en\/wp-json\/wp\/v2\/types\/product"}],"replies":[{"embeddable":true,"href":"https:\/\/photobooth-kaufen.eu\/en\/wp-json\/wp\/v2\/comments?post=3304"}],"wp:featuredmedia":[{"embeddable":true,"href":"https:\/\/photobooth-kaufen.eu\/en\/wp-json\/wp\/v2\/media\/3303"}],"wp:attachment":[{"href":"https:\/\/photobooth-kaufen.eu\/en\/wp-json\/wp\/v2\/media?parent=3304"}],"wp:term":[{"taxonomy":"product_brand","embeddable":true,"href":"https:\/\/photobooth-kaufen.eu\/en\/wp-json\/wp\/v2\/product_brand?post=3304"},{"taxonomy":"product_cat","embeddable":true,"href":"https:\/\/photobooth-kaufen.eu\/en\/wp-json\/wp\/v2\/product_cat?post=3304"},{"taxonomy":"product_tag","embeddable":true,"href":"https:\/\/photobooth-kaufen.eu\/en\/wp-json\/wp\/v2\/product_tag?post=3304"}],"curies":[{"name":"wp","href":"https:\/\/api.w.org\/{rel}","templated":true}]}}